{"id":276,"date":"2020-06-11T13:08:31","date_gmt":"2020-06-11T11:08:31","guid":{"rendered":"https:\/\/suisselaser.lemon.ch\/?page_id=276"},"modified":"2023-05-26T11:15:35","modified_gmt":"2023-05-26T09:15:35","slug":"contacto","status":"publish","type":"page","link":"https:\/\/cliniquefrancisco.ch\/pt-pt\/contacto\/","title":{"rendered":"Contacto"},"content":{"rendered":"\n<div class=\"wp-block-columns is-layout-flex wp-container-core-columns-is-layout-1 wp-block-columns-is-layout-flex\">\n<div class=\"wp-block-column is-layout-flow wp-block-column-is-layout-flow\" style=\"flex-basis:66.66%\">\n<h2 class=\"wp-block-heading\">Formul\u00e1rio de contacto<\/h2>\n\n\n\n<p>Marca consulta telefonando ao n\u00famero <a href=\"tel:+41329102260\">032 910 22 60<\/a> ou preenchendo o formul\u00e1rio abaixo indicado.<\/p>\n\n\n\n<p>A sua consulta ser\u00e1 confirmada posteriormente pela nossa equipa.<\/p>\n\n\n\n<div class=\"wpcf7 no-js\" id=\"wpcf7-f359-o1\" lang=\"pt-PT\" dir=\"ltr\">\n<div class=\"screen-reader-response\"><p role=\"status\" aria-live=\"polite\" aria-atomic=\"true\"><\/p> <ul><\/ul><\/div>\n<form action=\"\/pt-pt\/wp-json\/wp\/v2\/pages\/276#wpcf7-f359-o1\" method=\"post\" class=\"wpcf7-form init\" aria-label=\"Formul\u00e1rio de contacto\" novalidate=\"novalidate\" data-status=\"init\">\n<div style=\"display: none;\">\n<input type=\"hidden\" name=\"_wpcf7\" value=\"359\" \/>\n<input type=\"hidden\" name=\"_wpcf7_version\" value=\"5.9.6\" \/>\n<input type=\"hidden\" name=\"_wpcf7_locale\" value=\"pt_PT\" \/>\n<input type=\"hidden\" name=\"_wpcf7_unit_tag\" value=\"wpcf7-f359-o1\" \/>\n<input type=\"hidden\" name=\"_wpcf7_container_post\" value=\"0\" \/>\n<input type=\"hidden\" name=\"_wpcf7_posted_data_hash\" value=\"\" \/>\n<input type=\"hidden\" name=\"_wpcf7_recaptcha_response\" value=\"\" \/>\n<\/div>\n<div class=\"grid\">\n\t<div class=\"form-item col col6\">\n\t\t<p><label for=\"form-day\">Dia de prefer\u00eancia<\/label><span class=\"select-wrapper\"><span class=\"wpcf7-form-control-wrap\" data-name=\"form-day\"><select class=\"wpcf7-form-control wpcf7-select\" id=\"form-day\" aria-invalid=\"false\" name=\"form-day\"><option value=\"\">&#8212;Por favor escolha uma op\u00e7\u00e3o&#8212;<\/option><option value=\"Segunda-feira\">Segunda-feira<\/option><option value=\"Ter\u00e7a-feira\">Ter\u00e7a-feira<\/option><option value=\"Quarta-feira\">Quarta-feira<\/option><option value=\"Quinta-feira\">Quinta-feira<\/option><option value=\"Sexta-feira\">Sexta-feira<\/option><\/select><\/span><\/span>\n\t\t<\/p>\n\t\t<p class=\"help\">Se tiver outras disponibilidades, poder\u00e1 indicar na sua mensagem.\n\t\t<\/p>\n\t<\/div>\n\t<div class=\"form-item col col6\">\n\t\t<p><label for=\"form-hour\">Hor\u00e1rio de prefer\u00eancia<\/label><span class=\"select-wrapper\"><span class=\"wpcf7-form-control-wrap\" data-name=\"form-hour\"><select class=\"wpcf7-form-control wpcf7-select\" id=\"form-hour\" aria-invalid=\"false\" name=\"form-hour\"><option value=\"\">&#8212;Por favor escolha uma op\u00e7\u00e3o&#8212;<\/option><option value=\"08:00 \u2013 10:00\">08:00 \u2013 10:00<\/option><option value=\"10:00 \u2013 12:00\">10:00 \u2013 12:00<\/option><option value=\"13:00 \u2013 16:00\">13:00 \u2013 16:00<\/option><option value=\"16:00 \u2013 18:00\">16:00 \u2013 18:00<\/option><\/select><\/span><\/span>\n\t\t<\/p>\n\t<\/div>\n\t<div class=\"form-item col col6\">\n\t\t<p><label for=\"form-firstname\" class=\"required\">Nome<\/label><span class=\"wpcf7-form-control-wrap\" data-name=\"your-firstname\"><input size=\"40\" maxlength=\"80\" class=\"wpcf7-form-control wpcf7-text wpcf7-validates-as-required\" id=\"form-firstname\" aria-required=\"true\" aria-invalid=\"false\" value=\"\" type=\"text\" name=\"your-firstname\" \/><\/span>\n\t\t<\/p>\n\t<\/div>\n\t<div class=\"form-item col col6\">\n\t\t<p><label for=\"form-name\" class=\"required\">Apelido<\/label><span class=\"wpcf7-form-control-wrap\" data-name=\"your-name\"><input size=\"40\" maxlength=\"80\" class=\"wpcf7-form-control wpcf7-text wpcf7-validates-as-required\" id=\"form-name\" aria-required=\"true\" aria-invalid=\"false\" value=\"\" type=\"text\" name=\"your-name\" \/><\/span>\n\t\t<\/p>\n\t<\/div>\n\t<div class=\"form-item col col6\">\n\t\t<p><label for=\"form-email\" class=\"required\">E-mail<\/label><span class=\"wpcf7-form-control-wrap\" data-name=\"your-email\"><input size=\"40\" maxlength=\"80\" class=\"wpcf7-form-control wpcf7-email wpcf7-validates-as-required wpcf7-text wpcf7-validates-as-email\" id=\"form-email\" aria-required=\"true\" aria-invalid=\"false\" value=\"\" type=\"email\" name=\"your-email\" \/><\/span>\n\t\t<\/p>\n\t<\/div>\n\t<div class=\"form-item col col6\">\n\t\t<p><label for=\"form-tel\" class=\"required\">N\u00famero de telefone<\/label><span class=\"wpcf7-form-control-wrap\" data-name=\"your-tel\"><input size=\"40\" maxlength=\"80\" class=\"wpcf7-form-control wpcf7-tel wpcf7-validates-as-required wpcf7-text wpcf7-validates-as-tel\" id=\"form-tel\" aria-required=\"true\" aria-invalid=\"false\" value=\"\" type=\"tel\" name=\"your-tel\" \/><\/span>\n\t\t<\/p>\n\t<\/div>\n\t<div class=\"form-item col col6\">\n\t\t<p><label for=\"form-date\" class=\"required\">Data de nascimento<\/label><span class=\"wpcf7-form-control-wrap\" data-name=\"your-date\"><input class=\"wpcf7-form-control wpcf7-date wpcf7-validates-as-required wpcf7-validates-as-date\" id=\"form-date\" aria-required=\"true\" aria-invalid=\"false\" value=\"\" type=\"date\" name=\"your-date\" \/><\/span>\n\t\t<\/p>\n\t<\/div>\n<\/div>\n<div class=\"form-item\">\n\t<p><label for=\"form-message\">Mensagem<\/label><span class=\"wpcf7-form-control-wrap\" data-name=\"form-message\"><textarea cols=\"40\" rows=\"10\" maxlength=\"400\" class=\"wpcf7-form-control wpcf7-textarea form-message\" aria-invalid=\"false\" name=\"form-message\"><\/textarea><\/span>\n\t<\/p>\n<\/div>\n<p><input class=\"wpcf7-form-control wpcf7-submit has-spinner\" type=\"submit\" value=\"Enviar\" \/>\n<\/p><div class=\"wpcf7-response-output\" aria-hidden=\"true\"><\/div>\n<\/form>\n<\/div>\n\n\n\n\n<small>Este site \u00e9 protegido pelo reCAPTCHA e a <a href=\"https:\/\/policies.google.com\/privacy\" target=\"_blank\" rel=\"noopener\">Pol\u00edtica de Privacidade<\/a> e os <a href=\"https:\/\/policies.google.com\/terms\" target=\"_blank\" rel=\"noopener\">Termos de Servi\u00e7o<\/a> da Google se aplicam.\n<\/small>\n<\/div>\n\n\n\n<div class=\"wp-block-column is-layout-flow wp-block-column-is-layout-flow\" style=\"flex-basis:33.33%\">\n<h2 class=\"wp-block-heading\">Coordenadas<\/h2>\n\n\n\n<p class=\"font-small\">Avenue L\u00e9opold-Robert 12<br \/>2300 La Chaux-de-Fonds<\/p>\n\n\n\n<p class=\"font-small\"><a href=\"tel:+41329102260\">032 910 22 60<\/a><br \/>cabinetmedicalfrancisco@hin.ch <\/p>\n\n\n\n<h3 class=\"wp-block-heading\">Hor\u00e1rios<\/h3>\n\n\n\n<figure class=\"wp-block-table table-no-border font-small\"><table><tbody><tr><td>Segunda-feira<\/td><td>08h30 &#8211; 12h30<br \/>13h30 &#8211; 19h00<\/td><\/tr><tr><td>Ter\u00e7a-feira<\/td><td>08h15 &#8211; 12h30<br \/>13h30 &#8211; 16h30<\/td><\/tr><tr><td>Quarta-feira<\/td><td>07h30 &#8211; 12h30<br \/>13h30 &#8211; 16h30<\/td><\/tr><tr><td>Quinta-feira<\/td><td>07h30 &#8211; 12h30<br \/>13h30 &#8211; 18h00<\/td><\/tr><tr><td>Sexta-feira<\/td><td>08h15 &#8211; 12h30<br \/>13h30 &#8211; 17h30<\/td><\/tr><\/tbody><\/table><\/figure>\n<\/div>\n<\/div>\n","protected":false},"excerpt":{"rendered":"<p>Formul\u00e1rio de contacto Marca consulta telefonando ao n\u00famero 032 910 22 60 ou preenchendo o formul\u00e1rio abaixo indicado. A sua consulta ser\u00e1 confirmada posteriormente pela nossa equipa. Este site \u00e9 protegido pelo reCAPTCHA e a Pol\u00edtica de Privacidade e os Termos de Servi\u00e7o da Google se aplicam. Coordenadas Avenue L\u00e9opold-Robert 122300 La Chaux-de-Fonds 032 910 [&hellip;]<\/p>\n","protected":false},"author":1,"featured_media":0,"parent":0,"menu_order":21,"comment_status":"closed","ping_status":"closed","template":"","meta":{"_acf_changed":false,"footnotes":""},"categories":[],"class_list":["post-276","page","type-page","status-publish","hentry"],"acf":[],"yoast_head":"<!-- This site is optimized with the Yoast SEO plugin v22.3 - https:\/\/yoast.com\/wordpress\/plugins\/seo\/ -->\n<title>Contacto - Clinique Francisco<\/title>\n<meta name=\"description\" content=\"Marcar consulta na Clinica Francisco \u00e9 muito simples e podes faz\u00ea-lo atrav\u00e9s do canal que te for mais confort\u00e1vel na nossa pagina Contacto.\" \/>\n<meta name=\"robots\" content=\"index, follow, max-snippet:-1, max-image-preview:large, max-video-preview:-1\" \/>\n<link rel=\"canonical\" href=\"https:\/\/cliniquefrancisco.ch\/pt-pt\/contacto\/\" \/>\n<meta property=\"og:locale\" content=\"pt_PT\" \/>\n<meta property=\"og:type\" content=\"article\" \/>\n<meta property=\"og:title\" content=\"Contacto - Clinique Francisco\" \/>\n<meta property=\"og:description\" content=\"Marcar consulta na Clinica Francisco \u00e9 muito simples e podes faz\u00ea-lo atrav\u00e9s do canal que te for mais confort\u00e1vel na nossa pagina Contacto.\" \/>\n<meta property=\"og:url\" content=\"https:\/\/cliniquefrancisco.ch\/pt-pt\/contacto\/\" \/>\n<meta property=\"og:site_name\" content=\"Clinique Francisco\" \/>\n<meta property=\"article:modified_time\" content=\"2023-05-26T09:15:35+00:00\" \/>\n<meta name=\"twitter:card\" content=\"summary_large_image\" \/>\n<meta name=\"twitter:label1\" content=\"Tempo estimado de leitura\" \/>\n\t<meta name=\"twitter:data1\" content=\"1 minuto\" \/>\n<script type=\"application\/ld+json\" class=\"yoast-schema-graph\">{\"@context\":\"https:\/\/schema.org\",\"@graph\":[{\"@type\":\"WebPage\",\"@id\":\"https:\/\/cliniquefrancisco.ch\/pt-pt\/contacto\/\",\"url\":\"https:\/\/cliniquefrancisco.ch\/pt-pt\/contacto\/\",\"name\":\"Contacto - Clinique Francisco\",\"isPartOf\":{\"@id\":\"https:\/\/cliniquefrancisco.ch\/pt-pt\/#website\"},\"datePublished\":\"2020-06-11T11:08:31+00:00\",\"dateModified\":\"2023-05-26T09:15:35+00:00\",\"description\":\"Marcar consulta na Clinica Francisco \u00e9 muito simples e podes faz\u00ea-lo atrav\u00e9s do canal que te for mais confort\u00e1vel na nossa pagina Contacto.\",\"inLanguage\":\"pt-PT\",\"potentialAction\":[{\"@type\":\"ReadAction\",\"target\":[\"https:\/\/cliniquefrancisco.ch\/pt-pt\/contacto\/\"]}]},{\"@type\":\"WebSite\",\"@id\":\"https:\/\/cliniquefrancisco.ch\/pt-pt\/#website\",\"url\":\"https:\/\/cliniquefrancisco.ch\/pt-pt\/\",\"name\":\"Clinique Francisco\",\"description\":\"Dr.Med. Laura FRANCISCO, Gyn\u00e9cologue FMH\",\"potentialAction\":[{\"@type\":\"SearchAction\",\"target\":{\"@type\":\"EntryPoint\",\"urlTemplate\":\"https:\/\/cliniquefrancisco.ch\/pt-pt\/?s={search_term_string}\"},\"query-input\":\"required name=search_term_string\"}],\"inLanguage\":\"pt-PT\"}]}<\/script>\n<!-- \/ Yoast SEO plugin. -->","yoast_head_json":{"title":"Contacto - Clinique Francisco","description":"Marcar consulta na Clinica Francisco \u00e9 muito simples e podes faz\u00ea-lo atrav\u00e9s do canal que te for mais confort\u00e1vel na nossa pagina Contacto.","robots":{"index":"index","follow":"follow","max-snippet":"max-snippet:-1","max-image-preview":"max-image-preview:large","max-video-preview":"max-video-preview:-1"},"canonical":"https:\/\/cliniquefrancisco.ch\/pt-pt\/contacto\/","og_locale":"pt_PT","og_type":"article","og_title":"Contacto - Clinique Francisco","og_description":"Marcar consulta na Clinica Francisco \u00e9 muito simples e podes faz\u00ea-lo atrav\u00e9s do canal que te for mais confort\u00e1vel na nossa pagina Contacto.","og_url":"https:\/\/cliniquefrancisco.ch\/pt-pt\/contacto\/","og_site_name":"Clinique Francisco","article_modified_time":"2023-05-26T09:15:35+00:00","twitter_card":"summary_large_image","twitter_misc":{"Tempo estimado de leitura":"1 minuto"},"schema":{"@context":"https:\/\/schema.org","@graph":[{"@type":"WebPage","@id":"https:\/\/cliniquefrancisco.ch\/pt-pt\/contacto\/","url":"https:\/\/cliniquefrancisco.ch\/pt-pt\/contacto\/","name":"Contacto - Clinique Francisco","isPartOf":{"@id":"https:\/\/cliniquefrancisco.ch\/pt-pt\/#website"},"datePublished":"2020-06-11T11:08:31+00:00","dateModified":"2023-05-26T09:15:35+00:00","description":"Marcar consulta na Clinica Francisco \u00e9 muito simples e podes faz\u00ea-lo atrav\u00e9s do canal que te for mais confort\u00e1vel na nossa pagina Contacto.","inLanguage":"pt-PT","potentialAction":[{"@type":"ReadAction","target":["https:\/\/cliniquefrancisco.ch\/pt-pt\/contacto\/"]}]},{"@type":"WebSite","@id":"https:\/\/cliniquefrancisco.ch\/pt-pt\/#website","url":"https:\/\/cliniquefrancisco.ch\/pt-pt\/","name":"Clinique Francisco","description":"Dr.Med. Laura FRANCISCO, Gyn\u00e9cologue FMH","potentialAction":[{"@type":"SearchAction","target":{"@type":"EntryPoint","urlTemplate":"https:\/\/cliniquefrancisco.ch\/pt-pt\/?s={search_term_string}"},"query-input":"required name=search_term_string"}],"inLanguage":"pt-PT"}]}},"jetpack_sharing_enabled":true,"_links":{"self":[{"href":"https:\/\/cliniquefrancisco.ch\/pt-pt\/wp-json\/wp\/v2\/pages\/276","targetHints":{"allow":["GET"]}}],"collection":[{"href":"https:\/\/cliniquefrancisco.ch\/pt-pt\/wp-json\/wp\/v2\/pages"}],"about":[{"href":"https:\/\/cliniquefrancisco.ch\/pt-pt\/wp-json\/wp\/v2\/types\/page"}],"author":[{"embeddable":true,"href":"https:\/\/cliniquefrancisco.ch\/pt-pt\/wp-json\/wp\/v2\/users\/1"}],"replies":[{"embeddable":true,"href":"https:\/\/cliniquefrancisco.ch\/pt-pt\/wp-json\/wp\/v2\/comments?post=276"}],"version-history":[{"count":9,"href":"https:\/\/cliniquefrancisco.ch\/pt-pt\/wp-json\/wp\/v2\/pages\/276\/revisions"}],"predecessor-version":[{"id":1488,"href":"https:\/\/cliniquefrancisco.ch\/pt-pt\/wp-json\/wp\/v2\/pages\/276\/revisions\/1488"}],"wp:attachment":[{"href":"https:\/\/cliniquefrancisco.ch\/pt-pt\/wp-json\/wp\/v2\/media?parent=276"}],"wp:term":[{"taxonomy":"category","embeddable":true,"href":"https:\/\/cliniquefrancisco.ch\/pt-pt\/wp-json\/wp\/v2\/categories?post=276"}],"curies":[{"name":"wp","href":"https:\/\/api.w.org\/{rel}","templated":true}]}}