{"id":257,"date":"2020-03-12T10:43:20","date_gmt":"2020-03-12T09:43:20","guid":{"rendered":"https:\/\/suisselaser.lemon.ch\/?page_id=257"},"modified":"2021-03-08T18:23:33","modified_gmt":"2021-03-08T17:23:33","slug":"servicos","status":"publish","type":"page","link":"https:\/\/cliniquefrancisco.ch\/pt-pt\/servicos\/","title":{"rendered":"Servi\u00e7os"},"content":{"rendered":"\n<p>Os tratamentos ser\u00e3o realizados de forma a garantir o melhor conforto f\u00edsico e psicol\u00f3gico.<\/p>\n\n\n\n<figure class=\"wp-block-gallery columns-3 is-cropped wp-block-gallery-1 is-layout-flex wp-block-gallery-is-layout-flex\"><ul class=\"blocks-gallery-grid\"><li class=\"blocks-gallery-item\"><figure><a href=\"https:\/\/cliniquefrancisco.ch\/wp-content\/uploads\/2021\/03\/les-prestations-2-scaled.jpg\"><img fetchpriority=\"high\" decoding=\"async\" width=\"1024\" height=\"683\" src=\"https:\/\/cliniquefrancisco.ch\/wp-content\/uploads\/2021\/03\/les-prestations-2-1024x683.jpg\" alt=\"Les Prestations 1\" data-id=\"664\" data-full-url=\"https:\/\/cliniquefrancisco.ch\/wp-content\/uploads\/2021\/03\/les-prestations-2-scaled.jpg\" data-link=\"https:\/\/cliniquefrancisco.ch\/pt-pt\/servicos\/pagina-prestations-min-2\/\" class=\"wp-image-664\" srcset=\"https:\/\/cliniquefrancisco.ch\/wp-content\/uploads\/2021\/03\/les-prestations-2-1024x683.jpg 1024w, https:\/\/cliniquefrancisco.ch\/wp-content\/uploads\/2021\/03\/les-prestations-2-300x200.jpg 300w, https:\/\/cliniquefrancisco.ch\/wp-content\/uploads\/2021\/03\/les-prestations-2-768x513.jpg 768w, https:\/\/cliniquefrancisco.ch\/wp-content\/uploads\/2021\/03\/les-prestations-2-1536x1025.jpg 1536w, https:\/\/cliniquefrancisco.ch\/wp-content\/uploads\/2021\/03\/les-prestations-2-2048x1367.jpg 2048w\" sizes=\"(max-width: 1024px) 100vw, 1024px\" \/><\/a><\/figure><\/li><li class=\"blocks-gallery-item\"><figure><a href=\"https:\/\/cliniquefrancisco.ch\/wp-content\/uploads\/2021\/03\/les-prestations-3-edited-scaled.jpg\"><img decoding=\"async\" width=\"1024\" height=\"766\" src=\"https:\/\/cliniquefrancisco.ch\/wp-content\/uploads\/2021\/03\/les-prestations-3-edited-1024x766.jpg\" alt=\"\" data-id=\"741\" data-full-url=\"https:\/\/cliniquefrancisco.ch\/wp-content\/uploads\/2021\/03\/les-prestations-3-edited-scaled.jpg\" data-link=\"https:\/\/cliniquefrancisco.ch\/pt-pt\/les-prestations-3-2-2\/\" class=\"wp-image-741\" srcset=\"https:\/\/cliniquefrancisco.ch\/wp-content\/uploads\/2021\/03\/les-prestations-3-edited-1024x766.jpg 1024w, https:\/\/cliniquefrancisco.ch\/wp-content\/uploads\/2021\/03\/les-prestations-3-edited-300x224.jpg 300w, https:\/\/cliniquefrancisco.ch\/wp-content\/uploads\/2021\/03\/les-prestations-3-edited-768x574.jpg 768w, https:\/\/cliniquefrancisco.ch\/wp-content\/uploads\/2021\/03\/les-prestations-3-edited-1536x1148.jpg 1536w, https:\/\/cliniquefrancisco.ch\/wp-content\/uploads\/2021\/03\/les-prestations-3-edited-2048x1531.jpg 2048w\" sizes=\"(max-width: 1024px) 100vw, 1024px\" \/><\/a><\/figure><\/li><li class=\"blocks-gallery-item\"><figure><a href=\"https:\/\/cliniquefrancisco.ch\/wp-content\/uploads\/2021\/03\/8023583-HDR-min-scaled.jpg\"><img decoding=\"async\" width=\"1024\" height=\"683\" src=\"https:\/\/cliniquefrancisco.ch\/wp-content\/uploads\/2021\/03\/8023583-HDR-min-1024x683.jpg\" alt=\"Galerie 7\" data-id=\"679\" data-full-url=\"https:\/\/cliniquefrancisco.ch\/wp-content\/uploads\/2021\/03\/8023583-HDR-min-scaled.jpg\" data-link=\"https:\/\/cliniquefrancisco.ch\/pt-pt\/galeria\/8023583-hdr-min-2\/\" class=\"wp-image-679\" srcset=\"https:\/\/cliniquefrancisco.ch\/wp-content\/uploads\/2021\/03\/8023583-HDR-min-1024x683.jpg 1024w, https:\/\/cliniquefrancisco.ch\/wp-content\/uploads\/2021\/03\/8023583-HDR-min-300x200.jpg 300w, https:\/\/cliniquefrancisco.ch\/wp-content\/uploads\/2021\/03\/8023583-HDR-min-768x513.jpg 768w, https:\/\/cliniquefrancisco.ch\/wp-content\/uploads\/2021\/03\/8023583-HDR-min-1536x1025.jpg 1536w, https:\/\/cliniquefrancisco.ch\/wp-content\/uploads\/2021\/03\/8023583-HDR-min-2048x1367.jpg 2048w\" sizes=\"(max-width: 1024px) 100vw, 1024px\" \/><\/a><\/figure><\/li><\/ul><\/figure>\n\n\n\n<p class=\"has-text-align-center\"><a href=\"https:\/\/cliniquefrancisco.ch\/pt-pt\/galeria\/\"><span style=\"text-decoration: underline;\">galeria de fotos<\/span><\/a><\/p>\n\n\n\n<h2 class=\"wp-block-heading\">Servi\u00e7os T\u00e9cnicos :<\/h2>\n\n\n\n<ul class=\"wp-block-list\"><li>Colheitas de sangue, exames de urina<\/li><li>Avalia\u00e7\u00e3o da press\u00e3o arterial, peso e outros<\/li><li>Diabetes: controle glic\u00eamico capilar e rastreio de diabetes gestacional \u2013 teste de hiperglicemia provocada por via oral (HGPO)<\/li><li>Tratamento de feridas e acompanhamento p\u00f3s-operat\u00f3rio<\/li><li>Vacina\u00e7\u00f5es<\/li><\/ul>\n\n\n\n<h2 class=\"wp-block-heading\">Ginecologia :<\/h2>\n\n\n\n<p><strong><\/strong><strong>Seguimento da mulher da adolesc\u00eancia \u00e0 menopausa<\/strong>.<\/p>\n\n\n\n<ul class=\"wp-block-list\"><li>Controle de rotina<\/li><li>Rastreio de doen\u00e7as sexualmente transmiss\u00edveis<\/li><li>Patologia do colo uterino (incluindo citologia, colposcopia, bi\u00f3psia e tratamentos cervicais)<\/li><li>Contrace\u00e7\u00e3o (incluindo a coloca\u00e7\u00e3o de dispositivo intra-uterino ou implantes subcut\u00e2neos)<\/li><li>Hemorragia e anomalias do ciclo menstrual (incluindo bi\u00f3psia do endom\u00e9trio)<\/li><li>Endometriose<\/li><li>Patologias da mama e genitais<\/li><li>Menopausa<\/li><li>Incontin\u00eancia urin\u00e1ria<\/li><li>Descida de \u00f3rg\u00e3os genitais (prolapso)<\/li><li>Cancro ginecol\u00f3gico e da mama<\/li><li>Ecografia vaginal e abdominal (incluindo histerossonografia)<\/li><\/ul>\n\n\n\n<h2 class=\"wp-block-heading\">Obstetr\u00edcia :<\/h2>\n\n\n\n<p><strong><\/strong><strong><\/strong><strong>Acompanhamento de gravidez normal ou de risco<\/strong>.<\/p>\n\n\n\n<ul class=\"wp-block-list\"><li>Ecografia do primeiro trimestre, ecografia morfol\u00f3gica do 2\u00b0 trimestre, ecografia de crescimento, dopplers, imagem 3D \/ 4D<\/li><li>Rastreio e diagnostico pr\u00e9-natal<\/li><li>Cardiotocografia fetal (CTG)<\/li><li>Parto (incluindo cesariana).<\/li><li>Controle p\u00f3s-parto<\/li><\/ul>\n\n\n\n<h2 class=\"wp-block-heading\">Infertilidade :<\/h2>\n\n\n\n<p><strong><\/strong><strong><\/strong><strong><\/strong><strong>Estudo da causa e tratamento da infertilidade<\/strong>.<\/p>\n\n\n\n<ul class=\"wp-block-list\"><li>Avalia\u00e7\u00e3o do ciclo menstrual e do estado hormonal<\/li><li>Histerossalpingografia (avalia\u00e7\u00e3o da permeabilidade das trompas)<\/li><li>Histeroscopia, laparoscopia com avalia\u00e7\u00e3o da permeabilidade tubar<\/li><li>Espermograma<\/li><li>Estimula\u00e7\u00e3o da ovula\u00e7\u00e3o<\/li><li>Insemina\u00e7\u00e3o intra-uterina<\/li><\/ul>\n\n\n\n<h2 class=\"wp-block-heading\">Cirurgia :<\/h2>\n\n\n\n<p><strong><\/strong><strong><\/strong><strong><\/strong><strong><\/strong><strong>A Dra. Laura Francisco opera no <em>H\u00f4pital du Jura Bernois<\/em> &#8211; St. Imier<\/strong>.<\/p>\n\n\n\n<ul class=\"wp-block-list\"><li>Cesarianas<\/li><li>Histeroscopia diagn\u00f3stica e cir\u00fargica<\/li><li>Curetagem e termo abla\u00e7\u00e3o do endom\u00e9trio<\/li><li>Remo\u00e7\u00e3o do \u00fatero e\/ou ov\u00e1rios pela vagina ou abd\u00f3men<\/li><li>Laparoscopia diagn\u00f3stica e cir\u00fargica (inclu\u00edda para endometriose e infertilidade)<\/li><li>Cirurgia do colo do \u00fatero (coniza\u00e7\u00e3o)<\/li><li>Tratamento com laser: do colo do \u00fatero, da vagina e da vulva<\/li><li>Cirurgia vaginal (incluindo a patologia da descida de \u00f3rg\u00e3os p\u00e9lvicos)<\/li><li>Cirurgia vulvar<\/li><li>Tratamento cir\u00fargico da incontin\u00eancia urin\u00e1ria<\/li><li>Cirurgia de patologias mam\u00e1rias<\/li><\/ul>\n","protected":false},"excerpt":{"rendered":"<p>Os tratamentos ser\u00e3o realizados de forma a garantir o melhor conforto f\u00edsico e psicol\u00f3gico. galeria de fotos Servi\u00e7os T\u00e9cnicos : Colheitas de sangue, exames de urina Avalia\u00e7\u00e3o da press\u00e3o arterial, peso e outros Diabetes: controle glic\u00eamico capilar e rastreio de diabetes gestacional \u2013 teste de hiperglicemia provocada por via oral (HGPO) Tratamento de feridas e [&hellip;]<\/p>\n","protected":false},"author":1,"featured_media":0,"parent":0,"menu_order":1,"comment_status":"closed","ping_status":"closed","template":"","meta":{"_acf_changed":false,"footnotes":""},"categories":[14],"class_list":["post-257","page","type-page","status-publish","hentry","category-home"],"acf":[],"yoast_head":"<!-- This site is optimized with the Yoast SEO plugin v22.3 - https:\/\/yoast.com\/wordpress\/plugins\/seo\/ -->\n<title>Servi\u00e7os - Clinique Francisco<\/title>\n<meta name=\"description\" content=\"Na Clinique Francisco nos efetuamos servi\u00e7os t\u00e9cnicos (colheitas de sangue, tratamento de feridas, vacina\u00e7\u00e3o, outros), o acompanhamento ginecol\u00f3gico da mulher desde a adolesc\u00eancia at\u00e9 \u00e0 menopausa, o acompanhamento da gravidez (normal ou de risco) e o diagnostico e tratamento de infertilidade. As opera\u00e7\u00f5es s\u00e3o realizadas pela Dra. Laura Francisco no Hospital Jura Bernois - St. Imier.\" \/>\n<meta name=\"robots\" content=\"index, follow, max-snippet:-1, max-image-preview:large, max-video-preview:-1\" \/>\n<link rel=\"canonical\" href=\"https:\/\/cliniquefrancisco.ch\/pt-pt\/servicos\/\" \/>\n<meta property=\"og:locale\" content=\"pt_PT\" \/>\n<meta property=\"og:type\" content=\"article\" \/>\n<meta property=\"og:title\" content=\"Servi\u00e7os - Clinique Francisco\" \/>\n<meta property=\"og:description\" content=\"Na Clinique Francisco nos efetuamos servi\u00e7os t\u00e9cnicos (colheitas de sangue, tratamento de feridas, vacina\u00e7\u00e3o, outros), o acompanhamento ginecol\u00f3gico da mulher desde a adolesc\u00eancia at\u00e9 \u00e0 menopausa, o acompanhamento da gravidez (normal ou de risco) e o diagnostico e tratamento de infertilidade. As opera\u00e7\u00f5es s\u00e3o realizadas pela Dra. Laura Francisco no Hospital Jura Bernois - St. Imier.\" \/>\n<meta property=\"og:url\" content=\"https:\/\/cliniquefrancisco.ch\/pt-pt\/servicos\/\" \/>\n<meta property=\"og:site_name\" content=\"Clinique Francisco\" \/>\n<meta property=\"article:modified_time\" content=\"2021-03-08T17:23:33+00:00\" \/>\n<meta property=\"og:image\" content=\"https:\/\/cliniquefrancisco.ch\/wp-content\/uploads\/2021\/03\/les-prestations-2-1024x683.jpg\" \/>\n<meta name=\"twitter:card\" content=\"summary_large_image\" \/>\n<meta name=\"twitter:label1\" content=\"Tempo estimado de leitura\" \/>\n\t<meta name=\"twitter:data1\" content=\"2 minutos\" \/>\n<script type=\"application\/ld+json\" class=\"yoast-schema-graph\">{\"@context\":\"https:\/\/schema.org\",\"@graph\":[{\"@type\":\"WebPage\",\"@id\":\"https:\/\/cliniquefrancisco.ch\/pt-pt\/servicos\/\",\"url\":\"https:\/\/cliniquefrancisco.ch\/pt-pt\/servicos\/\",\"name\":\"Servi\u00e7os - Clinique Francisco\",\"isPartOf\":{\"@id\":\"https:\/\/cliniquefrancisco.ch\/pt-pt\/#website\"},\"primaryImageOfPage\":{\"@id\":\"https:\/\/cliniquefrancisco.ch\/pt-pt\/servicos\/#primaryimage\"},\"image\":{\"@id\":\"https:\/\/cliniquefrancisco.ch\/pt-pt\/servicos\/#primaryimage\"},\"thumbnailUrl\":\"https:\/\/cliniquefrancisco.ch\/wp-content\/uploads\/2021\/03\/les-prestations-2-1024x683.jpg\",\"datePublished\":\"2020-03-12T09:43:20+00:00\",\"dateModified\":\"2021-03-08T17:23:33+00:00\",\"description\":\"Na Clinique Francisco nos efetuamos servi\u00e7os t\u00e9cnicos (colheitas de sangue, tratamento de feridas, vacina\u00e7\u00e3o, outros), o acompanhamento ginecol\u00f3gico da mulher desde a adolesc\u00eancia at\u00e9 \u00e0 menopausa, o acompanhamento da gravidez (normal ou de risco) e o diagnostico e tratamento de infertilidade. As opera\u00e7\u00f5es s\u00e3o realizadas pela Dra. Laura Francisco no Hospital Jura Bernois - St. Imier.\",\"inLanguage\":\"pt-PT\",\"potentialAction\":[{\"@type\":\"ReadAction\",\"target\":[\"https:\/\/cliniquefrancisco.ch\/pt-pt\/servicos\/\"]}]},{\"@type\":\"ImageObject\",\"inLanguage\":\"pt-PT\",\"@id\":\"https:\/\/cliniquefrancisco.ch\/pt-pt\/servicos\/#primaryimage\",\"url\":\"https:\/\/cliniquefrancisco.ch\/wp-content\/uploads\/2021\/03\/les-prestations-2-1024x683.jpg\",\"contentUrl\":\"https:\/\/cliniquefrancisco.ch\/wp-content\/uploads\/2021\/03\/les-prestations-2-1024x683.jpg\"},{\"@type\":\"WebSite\",\"@id\":\"https:\/\/cliniquefrancisco.ch\/pt-pt\/#website\",\"url\":\"https:\/\/cliniquefrancisco.ch\/pt-pt\/\",\"name\":\"Clinique Francisco\",\"description\":\"Dr.Med. Laura FRANCISCO, Gyn\u00e9cologue FMH\",\"potentialAction\":[{\"@type\":\"SearchAction\",\"target\":{\"@type\":\"EntryPoint\",\"urlTemplate\":\"https:\/\/cliniquefrancisco.ch\/pt-pt\/?s={search_term_string}\"},\"query-input\":\"required name=search_term_string\"}],\"inLanguage\":\"pt-PT\"}]}<\/script>\n<!-- \/ Yoast SEO plugin. -->","yoast_head_json":{"title":"Servi\u00e7os - Clinique Francisco","description":"Na Clinique Francisco nos efetuamos servi\u00e7os t\u00e9cnicos (colheitas de sangue, tratamento de feridas, vacina\u00e7\u00e3o, outros), o acompanhamento ginecol\u00f3gico da mulher desde a adolesc\u00eancia at\u00e9 \u00e0 menopausa, o acompanhamento da gravidez (normal ou de risco) e o diagnostico e tratamento de infertilidade. As opera\u00e7\u00f5es s\u00e3o realizadas pela Dra. Laura Francisco no Hospital Jura Bernois - St. Imier.","robots":{"index":"index","follow":"follow","max-snippet":"max-snippet:-1","max-image-preview":"max-image-preview:large","max-video-preview":"max-video-preview:-1"},"canonical":"https:\/\/cliniquefrancisco.ch\/pt-pt\/servicos\/","og_locale":"pt_PT","og_type":"article","og_title":"Servi\u00e7os - Clinique Francisco","og_description":"Na Clinique Francisco nos efetuamos servi\u00e7os t\u00e9cnicos (colheitas de sangue, tratamento de feridas, vacina\u00e7\u00e3o, outros), o acompanhamento ginecol\u00f3gico da mulher desde a adolesc\u00eancia at\u00e9 \u00e0 menopausa, o acompanhamento da gravidez (normal ou de risco) e o diagnostico e tratamento de infertilidade. As opera\u00e7\u00f5es s\u00e3o realizadas pela Dra. Laura Francisco no Hospital Jura Bernois - St. Imier.","og_url":"https:\/\/cliniquefrancisco.ch\/pt-pt\/servicos\/","og_site_name":"Clinique Francisco","article_modified_time":"2021-03-08T17:23:33+00:00","og_image":[{"url":"https:\/\/cliniquefrancisco.ch\/wp-content\/uploads\/2021\/03\/les-prestations-2-1024x683.jpg"}],"twitter_card":"summary_large_image","twitter_misc":{"Tempo estimado de leitura":"2 minutos"},"schema":{"@context":"https:\/\/schema.org","@graph":[{"@type":"WebPage","@id":"https:\/\/cliniquefrancisco.ch\/pt-pt\/servicos\/","url":"https:\/\/cliniquefrancisco.ch\/pt-pt\/servicos\/","name":"Servi\u00e7os - Clinique Francisco","isPartOf":{"@id":"https:\/\/cliniquefrancisco.ch\/pt-pt\/#website"},"primaryImageOfPage":{"@id":"https:\/\/cliniquefrancisco.ch\/pt-pt\/servicos\/#primaryimage"},"image":{"@id":"https:\/\/cliniquefrancisco.ch\/pt-pt\/servicos\/#primaryimage"},"thumbnailUrl":"https:\/\/cliniquefrancisco.ch\/wp-content\/uploads\/2021\/03\/les-prestations-2-1024x683.jpg","datePublished":"2020-03-12T09:43:20+00:00","dateModified":"2021-03-08T17:23:33+00:00","description":"Na Clinique Francisco nos efetuamos servi\u00e7os t\u00e9cnicos (colheitas de sangue, tratamento de feridas, vacina\u00e7\u00e3o, outros), o acompanhamento ginecol\u00f3gico da mulher desde a adolesc\u00eancia at\u00e9 \u00e0 menopausa, o acompanhamento da gravidez (normal ou de risco) e o diagnostico e tratamento de infertilidade. As opera\u00e7\u00f5es s\u00e3o realizadas pela Dra. Laura Francisco no Hospital Jura Bernois - St. Imier.","inLanguage":"pt-PT","potentialAction":[{"@type":"ReadAction","target":["https:\/\/cliniquefrancisco.ch\/pt-pt\/servicos\/"]}]},{"@type":"ImageObject","inLanguage":"pt-PT","@id":"https:\/\/cliniquefrancisco.ch\/pt-pt\/servicos\/#primaryimage","url":"https:\/\/cliniquefrancisco.ch\/wp-content\/uploads\/2021\/03\/les-prestations-2-1024x683.jpg","contentUrl":"https:\/\/cliniquefrancisco.ch\/wp-content\/uploads\/2021\/03\/les-prestations-2-1024x683.jpg"},{"@type":"WebSite","@id":"https:\/\/cliniquefrancisco.ch\/pt-pt\/#website","url":"https:\/\/cliniquefrancisco.ch\/pt-pt\/","name":"Clinique Francisco","description":"Dr.Med. Laura FRANCISCO, Gyn\u00e9cologue FMH","potentialAction":[{"@type":"SearchAction","target":{"@type":"EntryPoint","urlTemplate":"https:\/\/cliniquefrancisco.ch\/pt-pt\/?s={search_term_string}"},"query-input":"required name=search_term_string"}],"inLanguage":"pt-PT"}]}},"jetpack_sharing_enabled":true,"_links":{"self":[{"href":"https:\/\/cliniquefrancisco.ch\/pt-pt\/wp-json\/wp\/v2\/pages\/257","targetHints":{"allow":["GET"]}}],"collection":[{"href":"https:\/\/cliniquefrancisco.ch\/pt-pt\/wp-json\/wp\/v2\/pages"}],"about":[{"href":"https:\/\/cliniquefrancisco.ch\/pt-pt\/wp-json\/wp\/v2\/types\/page"}],"author":[{"embeddable":true,"href":"https:\/\/cliniquefrancisco.ch\/pt-pt\/wp-json\/wp\/v2\/users\/1"}],"replies":[{"embeddable":true,"href":"https:\/\/cliniquefrancisco.ch\/pt-pt\/wp-json\/wp\/v2\/comments?post=257"}],"version-history":[{"count":22,"href":"https:\/\/cliniquefrancisco.ch\/pt-pt\/wp-json\/wp\/v2\/pages\/257\/revisions"}],"predecessor-version":[{"id":756,"href":"https:\/\/cliniquefrancisco.ch\/pt-pt\/wp-json\/wp\/v2\/pages\/257\/revisions\/756"}],"wp:attachment":[{"href":"https:\/\/cliniquefrancisco.ch\/pt-pt\/wp-json\/wp\/v2\/media?parent=257"}],"wp:term":[{"taxonomy":"category","embeddable":true,"href":"https:\/\/cliniquefrancisco.ch\/pt-pt\/wp-json\/wp\/v2\/categories?post=257"}],"curies":[{"name":"wp","href":"https:\/\/api.w.org\/{rel}","templated":true}]}}