{"id":255,"date":"2020-06-09T16:31:07","date_gmt":"2020-06-09T14:31:07","guid":{"rendered":"https:\/\/suisselaser.lemon.ch\/?page_id=255"},"modified":"2021-03-09T09:27:11","modified_gmt":"2021-03-09T08:27:11","slug":"accueil","status":"publish","type":"page","link":"https:\/\/cliniquefrancisco.ch\/pt-pt\/","title":{"rendered":"Cl\u00ednica"},"content":{"rendered":"\n<p>Bem-vindos!<\/p>\n\n\n\n<p>A Cl\u00ednica Francisco \u00e9 um espa\u00e7o muito acolhedor, luminoso, moderno e com tecnologia avan\u00e7ada. As palavras-chave da nossa equipa s\u00e3o a excel\u00eancia e a humanidade.<\/p>\n\n\n\n<p>Estamos situados no centro de La Chaux-de-Fonds e temos acessibilidade para pessoas de mobilidade reduzida &#8211; 4\u00ba andar com elevador.<\/p>\n","protected":false},"excerpt":{"rendered":"<p>Bem-vindos! A Cl\u00ednica Francisco \u00e9 um espa\u00e7o muito acolhedor, luminoso, moderno e com tecnologia avan\u00e7ada. As palavras-chave da nossa equipa s\u00e3o a excel\u00eancia e a humanidade. Estamos situados no centro de La Chaux-de-Fonds e temos acessibilidade para pessoas de mobilidade reduzida &#8211; 4\u00ba andar com elevador.<\/p>\n","protected":false},"author":1,"featured_media":0,"parent":0,"menu_order":19,"comment_status":"closed","ping_status":"open","template":"","meta":{"_acf_changed":false,"footnotes":""},"categories":[],"class_list":["post-255","page","type-page","status-publish","hentry"],"acf":[],"yoast_head":"<!-- This site is optimized with the Yoast SEO plugin v22.3 - https:\/\/yoast.com\/wordpress\/plugins\/seo\/ -->\n<title>Cl\u00ednica - Clinique Francisco<\/title>\n<meta name=\"description\" content=\"A Cl\u00ednica Francisco \u00e9 um espa\u00e7o muito acolhedor, luminoso, moderno e com tecnologia avan\u00e7ada. As palavras-chave da nossa equipa s\u00e3o a excel\u00eancia e a humanidade.\" \/>\n<meta name=\"robots\" content=\"index, follow, max-snippet:-1, max-image-preview:large, max-video-preview:-1\" \/>\n<link rel=\"canonical\" href=\"https:\/\/cliniquefrancisco.ch\/pt-pt\/\" \/>\n<meta property=\"og:locale\" content=\"pt_PT\" \/>\n<meta property=\"og:type\" content=\"article\" \/>\n<meta property=\"og:title\" content=\"Cl\u00ednica - Clinique Francisco\" \/>\n<meta property=\"og:description\" content=\"A Cl\u00ednica Francisco \u00e9 um espa\u00e7o muito acolhedor, luminoso, moderno e com tecnologia avan\u00e7ada. As palavras-chave da nossa equipa s\u00e3o a excel\u00eancia e a humanidade.\" \/>\n<meta property=\"og:url\" content=\"https:\/\/cliniquefrancisco.ch\/pt-pt\/\" \/>\n<meta property=\"og:site_name\" content=\"Clinique Francisco\" \/>\n<meta property=\"article:modified_time\" content=\"2021-03-09T08:27:11+00:00\" \/>\n<meta name=\"twitter:card\" content=\"summary_large_image\" \/>\n<meta name=\"twitter:label1\" content=\"Tempo estimado de leitura\" \/>\n\t<meta name=\"twitter:data1\" content=\"1 minuto\" \/>\n<script type=\"application\/ld+json\" class=\"yoast-schema-graph\">{\"@context\":\"https:\/\/schema.org\",\"@graph\":[{\"@type\":\"WebPage\",\"@id\":\"https:\/\/cliniquefrancisco.ch\/pt-pt\/\",\"url\":\"https:\/\/cliniquefrancisco.ch\/pt-pt\/\",\"name\":\"Cl\u00ednica - Clinique Francisco\",\"isPartOf\":{\"@id\":\"https:\/\/cliniquefrancisco.ch\/pt-pt\/#website\"},\"datePublished\":\"2020-06-09T14:31:07+00:00\",\"dateModified\":\"2021-03-09T08:27:11+00:00\",\"description\":\"A Cl\u00ednica Francisco \u00e9 um espa\u00e7o muito acolhedor, luminoso, moderno e com tecnologia avan\u00e7ada. As palavras-chave da nossa equipa s\u00e3o a excel\u00eancia e a humanidade.\",\"inLanguage\":\"pt-PT\",\"potentialAction\":[{\"@type\":\"ReadAction\",\"target\":[\"https:\/\/cliniquefrancisco.ch\/pt-pt\/\"]}]},{\"@type\":\"WebSite\",\"@id\":\"https:\/\/cliniquefrancisco.ch\/pt-pt\/#website\",\"url\":\"https:\/\/cliniquefrancisco.ch\/pt-pt\/\",\"name\":\"Clinique Francisco\",\"description\":\"Dr.Med. Laura FRANCISCO, Gyn\u00e9cologue FMH\",\"potentialAction\":[{\"@type\":\"SearchAction\",\"target\":{\"@type\":\"EntryPoint\",\"urlTemplate\":\"https:\/\/cliniquefrancisco.ch\/pt-pt\/?s={search_term_string}\"},\"query-input\":\"required name=search_term_string\"}],\"inLanguage\":\"pt-PT\"}]}<\/script>\n<!-- \/ Yoast SEO plugin. -->","yoast_head_json":{"title":"Cl\u00ednica - Clinique Francisco","description":"A Cl\u00ednica Francisco \u00e9 um espa\u00e7o muito acolhedor, luminoso, moderno e com tecnologia avan\u00e7ada. As palavras-chave da nossa equipa s\u00e3o a excel\u00eancia e a humanidade.","robots":{"index":"index","follow":"follow","max-snippet":"max-snippet:-1","max-image-preview":"max-image-preview:large","max-video-preview":"max-video-preview:-1"},"canonical":"https:\/\/cliniquefrancisco.ch\/pt-pt\/","og_locale":"pt_PT","og_type":"article","og_title":"Cl\u00ednica - Clinique Francisco","og_description":"A Cl\u00ednica Francisco \u00e9 um espa\u00e7o muito acolhedor, luminoso, moderno e com tecnologia avan\u00e7ada. As palavras-chave da nossa equipa s\u00e3o a excel\u00eancia e a humanidade.","og_url":"https:\/\/cliniquefrancisco.ch\/pt-pt\/","og_site_name":"Clinique Francisco","article_modified_time":"2021-03-09T08:27:11+00:00","twitter_card":"summary_large_image","twitter_misc":{"Tempo estimado de leitura":"1 minuto"},"schema":{"@context":"https:\/\/schema.org","@graph":[{"@type":"WebPage","@id":"https:\/\/cliniquefrancisco.ch\/pt-pt\/","url":"https:\/\/cliniquefrancisco.ch\/pt-pt\/","name":"Cl\u00ednica - Clinique Francisco","isPartOf":{"@id":"https:\/\/cliniquefrancisco.ch\/pt-pt\/#website"},"datePublished":"2020-06-09T14:31:07+00:00","dateModified":"2021-03-09T08:27:11+00:00","description":"A Cl\u00ednica Francisco \u00e9 um espa\u00e7o muito acolhedor, luminoso, moderno e com tecnologia avan\u00e7ada. As palavras-chave da nossa equipa s\u00e3o a excel\u00eancia e a humanidade.","inLanguage":"pt-PT","potentialAction":[{"@type":"ReadAction","target":["https:\/\/cliniquefrancisco.ch\/pt-pt\/"]}]},{"@type":"WebSite","@id":"https:\/\/cliniquefrancisco.ch\/pt-pt\/#website","url":"https:\/\/cliniquefrancisco.ch\/pt-pt\/","name":"Clinique Francisco","description":"Dr.Med. Laura FRANCISCO, Gyn\u00e9cologue FMH","potentialAction":[{"@type":"SearchAction","target":{"@type":"EntryPoint","urlTemplate":"https:\/\/cliniquefrancisco.ch\/pt-pt\/?s={search_term_string}"},"query-input":"required name=search_term_string"}],"inLanguage":"pt-PT"}]}},"jetpack_sharing_enabled":true,"_links":{"self":[{"href":"https:\/\/cliniquefrancisco.ch\/pt-pt\/wp-json\/wp\/v2\/pages\/255","targetHints":{"allow":["GET"]}}],"collection":[{"href":"https:\/\/cliniquefrancisco.ch\/pt-pt\/wp-json\/wp\/v2\/pages"}],"about":[{"href":"https:\/\/cliniquefrancisco.ch\/pt-pt\/wp-json\/wp\/v2\/types\/page"}],"author":[{"embeddable":true,"href":"https:\/\/cliniquefrancisco.ch\/pt-pt\/wp-json\/wp\/v2\/users\/1"}],"replies":[{"embeddable":true,"href":"https:\/\/cliniquefrancisco.ch\/pt-pt\/wp-json\/wp\/v2\/comments?post=255"}],"version-history":[{"count":8,"href":"https:\/\/cliniquefrancisco.ch\/pt-pt\/wp-json\/wp\/v2\/pages\/255\/revisions"}],"predecessor-version":[{"id":761,"href":"https:\/\/cliniquefrancisco.ch\/pt-pt\/wp-json\/wp\/v2\/pages\/255\/revisions\/761"}],"wp:attachment":[{"href":"https:\/\/cliniquefrancisco.ch\/pt-pt\/wp-json\/wp\/v2\/media?parent=255"}],"wp:term":[{"taxonomy":"category","embeddable":true,"href":"https:\/\/cliniquefrancisco.ch\/pt-pt\/wp-json\/wp\/v2\/categories?post=255"}],"curies":[{"name":"wp","href":"https:\/\/api.w.org\/{rel}","templated":true}]}}